{"id":340,"date":"2025-06-16T16:57:37","date_gmt":"2025-06-16T14:57:37","guid":{"rendered":"https:\/\/www.schantl-pharma-service.de\/ueber-uns\/"},"modified":"2025-07-03T15:23:17","modified_gmt":"2025-07-03T13:23:17","slug":"ueber-uns","status":"publish","type":"page","link":"https:\/\/www.schantl-pharma-service.de\/en\/ueber-uns\/","title":{"rendered":"About us"},"content":{"rendered":"\t\t<div data-elementor-type=\"wp-page\" data-elementor-id=\"340\" class=\"elementor elementor-340 elementor-41\" data-elementor-post-type=\"page\">\n\t\t\t\t<div class=\"elementor-element elementor-element-b86d81d e-flex e-con-boxed e-con e-parent\" data-id=\"b86d81d\" data-element_type=\"container\" data-e-type=\"container\" data-settings=\"{&quot;background_background&quot;:&quot;classic&quot;}\">\n\t\t\t\t\t<div class=\"e-con-inner\">\n\t\t\t\t<div class=\"elementor-element elementor-element-63035da elementor-widget elementor-widget-image\" data-id=\"63035da\" data-element_type=\"widget\" data-e-type=\"widget\" data-widget_type=\"image.default\">\n\t\t\t\t<div class=\"elementor-widget-container\">\n\t\t\t\t\t\t\t\t\t\t\t\t\t\t\t<img fetchpriority=\"high\" decoding=\"async\" width=\"1000\" height=\"459\" src=\"https:\/\/www.schantl-pharma-service.de\/wp-content\/uploads\/2025\/06\/bild_01.jpg\" class=\"attachment-full size-full wp-image-326\" alt=\"\" srcset=\"https:\/\/www.schantl-pharma-service.de\/wp-content\/uploads\/2025\/06\/bild_01.jpg 1000w, https:\/\/www.schantl-pharma-service.de\/wp-content\/uploads\/2025\/06\/bild_01-300x138.jpg 300w, https:\/\/www.schantl-pharma-service.de\/wp-content\/uploads\/2025\/06\/bild_01-768x353.jpg 768w\" sizes=\"(max-width: 1000px) 100vw, 1000px\" \/>\t\t\t\t\t\t\t\t\t\t\t\t\t\t\t<\/div>\n\t\t\t\t<\/div>\n\t\t\t\t\t<\/div>\n\t\t\t\t<\/div>\n\t\t<div class=\"elementor-element elementor-element-12468af e-flex e-con-boxed e-con e-parent\" data-id=\"12468af\" data-element_type=\"container\" data-e-type=\"container\">\n\t\t\t\t\t<div class=\"e-con-inner\">\n\t\t<div class=\"elementor-element elementor-element-e1b05d0 e-con-full e-flex e-con e-child\" data-id=\"e1b05d0\" data-element_type=\"container\" data-e-type=\"container\">\n\t\t\t\t<div class=\"elementor-element elementor-element-82f9de6 elementor-widget elementor-widget-heading\" data-id=\"82f9de6\" data-element_type=\"widget\" data-e-type=\"widget\" data-widget_type=\"heading.default\">\n\t\t\t\t<div class=\"elementor-widget-container\">\n\t\t\t\t\t<h1 class=\"elementor-heading-title elementor-size-default\">About us<\/h1>\t\t\t\t<\/div>\n\t\t\t\t<\/div>\n\t\t\t\t<div class=\"elementor-element elementor-element-c9c405e elementor-widget elementor-widget-text-editor\" data-id=\"c9c405e\" data-element_type=\"widget\" data-e-type=\"widget\" data-widget_type=\"text-editor.default\">\n\t\t\t\t<div class=\"elementor-widget-container\">\n\t\t\t\t\t\t\t\t\t<p>Our Clinical Research Associates (CRAs) operate from multiple locations across Germany, ensuring comprehensive coverage and local expertise.<\/p>\t\t\t\t\t\t\t\t<\/div>\n\t\t\t\t<\/div>\n\t\t\t\t<div class=\"elementor-element elementor-element-ef8498d elementor-widget elementor-widget-heading\" data-id=\"ef8498d\" data-element_type=\"widget\" data-e-type=\"widget\" data-widget_type=\"heading.default\">\n\t\t\t\t<div class=\"elementor-widget-container\">\n\t\t\t\t\t<h2 class=\"elementor-heading-title elementor-size-default\">List of monitor locations:<\/h2>\t\t\t\t<\/div>\n\t\t\t\t<\/div>\n\t\t\t\t<div class=\"elementor-element elementor-element-56aeb6a elementor-widget elementor-widget-text-editor\" data-id=\"56aeb6a\" data-element_type=\"widget\" data-e-type=\"widget\" data-widget_type=\"text-editor.default\">\n\t\t\t\t<div class=\"elementor-widget-container\">\n\t\t\t\t\t\t\t\t\t<p><strong>Headquarter<\/strong> &#8211; <strong>D\u00fcsseldorf (North Rhine-Westphalia) <\/strong><\/p><p><span class=\"HwtZe\" lang=\"en\"><span class=\"jCAhz ChMk0b\"><span class=\"ryNqvb\">Other locations are:<\/span><\/span><\/span><\/p>\t\t\t\t\t\t\t\t<\/div>\n\t\t\t\t<\/div>\n\t\t<div class=\"elementor-element elementor-element-506b171 e-grid e-con-full e-con e-child\" data-id=\"506b171\" data-element_type=\"container\" data-e-type=\"container\">\n\t\t<div class=\"elementor-element elementor-element-08f8335 e-con-full e-flex elementor-invisible e-con e-child\" data-id=\"08f8335\" data-element_type=\"container\" data-e-type=\"container\" data-settings=\"{&quot;animation&quot;:&quot;fadeInUp&quot;,&quot;animation_mobile&quot;:&quot;none&quot;,&quot;animation_delay&quot;:300}\">\n\t\t\t\t<div class=\"elementor-element elementor-element-aec6bcd elementor-widget elementor-widget-text-editor\" data-id=\"aec6bcd\" data-element_type=\"widget\" data-e-type=\"widget\" data-widget_type=\"text-editor.default\">\n\t\t\t\t<div class=\"elementor-widget-container\">\n\t\t\t\t\t\t\t\t\t<ul><li>Griesheim (Hesse)<\/li><li>Kalletal (North Rhine-Westphalia)<\/li><li>Ki\u00dflegg (Baden-W\u00fcrttemberg)<\/li><\/ul>\t\t\t\t\t\t\t\t<\/div>\n\t\t\t\t<\/div>\n\t\t\t\t<\/div>\n\t\t<div class=\"elementor-element elementor-element-24d89ce e-con-full e-flex elementor-invisible e-con e-child\" data-id=\"24d89ce\" data-element_type=\"container\" data-e-type=\"container\" data-settings=\"{&quot;animation&quot;:&quot;fadeInUp&quot;,&quot;animation_mobile&quot;:&quot;none&quot;,&quot;animation_delay&quot;:600}\">\n\t\t\t\t<div class=\"elementor-element elementor-element-6b39b5f elementor-widget elementor-widget-text-editor\" data-id=\"6b39b5f\" data-element_type=\"widget\" data-e-type=\"widget\" data-widget_type=\"text-editor.default\">\n\t\t\t\t<div class=\"elementor-widget-container\">\n\t\t\t\t\t\t\t\t\t<ul><li>Cologne (North Rhine-Westphalia)<\/li><li>Nuremberg (Bavaria)<\/li><li>Quickborn (Schleswig-Holstein)<\/li><\/ul>\t\t\t\t\t\t\t\t<\/div>\n\t\t\t\t<\/div>\n\t\t\t\t<\/div>\n\t\t\t\t<\/div>\n\t\t\t\t<\/div>\n\t\t\t\t\t<\/div>\n\t\t\t\t<\/div>\n\t\t\t\t<\/div>\n\t\t","protected":false},"excerpt":{"rendered":"<p>About us Our Clinical Research Associates (CRAs) operate from multiple locations across Germany, ensuring comprehensive coverage and local expertise. List of monitor locations: Headquarter &#8211; D\u00fcsseldorf (North Rhine-Westphalia) Other locations are: Griesheim (Hesse) Kalletal (North Rhine-Westphalia) Ki\u00dflegg (Baden-W\u00fcrttemberg) Cologne (North Rhine-Westphalia) Nuremberg (Bavaria) Quickborn (Schleswig-Holstein)<\/p>\n","protected":false},"author":2,"featured_media":0,"parent":0,"menu_order":0,"comment_status":"closed","ping_status":"closed","template":"","meta":{"footnotes":""},"class_list":["post-340","page","type-page","status-publish","hentry"],"_links":{"self":[{"href":"https:\/\/www.schantl-pharma-service.de\/en\/wp-json\/wp\/v2\/pages\/340","targetHints":{"allow":["GET"]}}],"collection":[{"href":"https:\/\/www.schantl-pharma-service.de\/en\/wp-json\/wp\/v2\/pages"}],"about":[{"href":"https:\/\/www.schantl-pharma-service.de\/en\/wp-json\/wp\/v2\/types\/page"}],"author":[{"embeddable":true,"href":"https:\/\/www.schantl-pharma-service.de\/en\/wp-json\/wp\/v2\/users\/2"}],"replies":[{"embeddable":true,"href":"https:\/\/www.schantl-pharma-service.de\/en\/wp-json\/wp\/v2\/comments?post=340"}],"version-history":[{"count":17,"href":"https:\/\/www.schantl-pharma-service.de\/en\/wp-json\/wp\/v2\/pages\/340\/revisions"}],"predecessor-version":[{"id":516,"href":"https:\/\/www.schantl-pharma-service.de\/en\/wp-json\/wp\/v2\/pages\/340\/revisions\/516"}],"wp:attachment":[{"href":"https:\/\/www.schantl-pharma-service.de\/en\/wp-json\/wp\/v2\/media?parent=340"}],"curies":[{"name":"wp","href":"https:\/\/api.w.org\/{rel}","templated":true}]}}