{"id":387,"date":"2025-06-17T15:52:38","date_gmt":"2025-06-17T13:52:38","guid":{"rendered":"https:\/\/www.schantl-pharma-service.de\/kontakt\/"},"modified":"2025-07-03T15:20:08","modified_gmt":"2025-07-03T13:20:08","slug":"contact","status":"publish","type":"page","link":"https:\/\/www.schantl-pharma-service.de\/en\/contact\/","title":{"rendered":"Contact"},"content":{"rendered":"\t\t<div data-elementor-type=\"wp-page\" data-elementor-id=\"387\" class=\"elementor elementor-387 elementor-248\" data-elementor-post-type=\"page\">\n\t\t\t\t<div class=\"elementor-element elementor-element-303fe96 e-flex e-con-boxed e-con e-parent\" data-id=\"303fe96\" data-element_type=\"container\" data-e-type=\"container\" data-settings=\"{&quot;background_background&quot;:&quot;classic&quot;}\">\n\t\t\t\t\t<div class=\"e-con-inner\">\n\t\t\t\t<div class=\"elementor-element elementor-element-7f4e92a elementor-widget elementor-widget-image\" data-id=\"7f4e92a\" data-element_type=\"widget\" data-e-type=\"widget\" data-widget_type=\"image.default\">\n\t\t\t\t<div class=\"elementor-widget-container\">\n\t\t\t\t\t\t\t\t\t\t\t\t\t\t\t<img fetchpriority=\"high\" decoding=\"async\" width=\"1000\" height=\"459\" src=\"https:\/\/www.schantl-pharma-service.de\/wp-content\/uploads\/2025\/06\/bild_01.jpg\" class=\"attachment-full size-full wp-image-326\" alt=\"\" srcset=\"https:\/\/www.schantl-pharma-service.de\/wp-content\/uploads\/2025\/06\/bild_01.jpg 1000w, https:\/\/www.schantl-pharma-service.de\/wp-content\/uploads\/2025\/06\/bild_01-300x138.jpg 300w, https:\/\/www.schantl-pharma-service.de\/wp-content\/uploads\/2025\/06\/bild_01-768x353.jpg 768w\" sizes=\"(max-width: 1000px) 100vw, 1000px\" \/>\t\t\t\t\t\t\t\t\t\t\t\t\t\t\t<\/div>\n\t\t\t\t<\/div>\n\t\t\t\t\t<\/div>\n\t\t\t\t<\/div>\n\t\t<div class=\"elementor-element elementor-element-72e1502 e-flex e-con-boxed e-con e-parent\" data-id=\"72e1502\" data-element_type=\"container\" data-e-type=\"container\">\n\t\t\t\t\t<div class=\"e-con-inner\">\n\t\t<div class=\"elementor-element elementor-element-477f797 e-con-full e-flex e-con e-child\" data-id=\"477f797\" data-element_type=\"container\" data-e-type=\"container\">\n\t\t\t\t<div class=\"elementor-element elementor-element-edb7f6b elementor-widget elementor-widget-heading\" data-id=\"edb7f6b\" data-element_type=\"widget\" data-e-type=\"widget\" data-widget_type=\"heading.default\">\n\t\t\t\t<div class=\"elementor-widget-container\">\n\t\t\t\t\t<h1 class=\"elementor-heading-title elementor-size-default\">Contact<\/h1>\t\t\t\t<\/div>\n\t\t\t\t<\/div>\n\t\t<div class=\"elementor-element elementor-element-e666402 e-con-full e-grid e-con e-child\" data-id=\"e666402\" data-element_type=\"container\" data-e-type=\"container\">\n\t\t\t\t<div class=\"elementor-element elementor-element-54b7bda elementor-widget elementor-widget-text-editor\" data-id=\"54b7bda\" data-element_type=\"widget\" data-e-type=\"widget\" data-widget_type=\"text-editor.default\">\n\t\t\t\t<div class=\"elementor-widget-container\">\n\t\t\t\t\t\t\t\t\t<p><strong>Schantl Pharma Service GmbH<\/strong><\/p><p><strong>Erasmusstr.\u00a026<\/strong><br \/><strong>40223 D\u00fcsseldorf<\/strong><br \/><strong>Deutschland<\/strong><\/p><p>Tel.:<a href=\"tel: +4921169547446\"> +49 211-69 54 74 46<\/a><br \/>E-Mail: <a href=\"mailto:iqbal.huegel@schantl\u00adpharma\u00adservice.de\">iqbal.huegel@schantl\u00adpharma\u00adservice.de<\/a><\/p><p>Amtsgericht Wiesbaden HRB 17767<\/p><p>USt.-IDNr. DE 199 041 865<\/p><p>Inhaber &amp; Gesch\u00e4ftsf\u00fchrer: Iqbal H\u00fcgel<\/p><div>\u00a0<\/div>\t\t\t\t\t\t\t\t<\/div>\n\t\t\t\t<\/div>\n\t\t\t\t<div class=\"elementor-element elementor-element-259a02b elementor-widget elementor-widget-html\" data-id=\"259a02b\" data-element_type=\"widget\" data-e-type=\"widget\" data-widget_type=\"html.default\">\n\t\t\t\t<div class=\"elementor-widget-container\">\n\t\t\t\t\t<iframe src=\"https:\/\/www.google.com\/maps\/embed?pb=!1m18!1m12!1m3!1d40000.77234515617!2d6.7510746854611545!3d51.199762197916854!2m3!1f0!2f0!3f0!3m2!1i1024!2i768!4f13.1!3m3!1m2!1s0x47b8cb01c238006d%3A0x8d9c46cc8185760!2sSchantl%20Pharma%20Service%20GmbH!5e0!3m2!1sde!2sde!4v1750171711675!5m2!1sde!2sde\" width=\"100%\" height=\"320\" style=\"border:0;\" allowfullscreen=\"\" loading=\"lazy\" referrerpolicy=\"no-referrer-when-downgrade\"><\/iframe>\t\t\t\t<\/div>\n\t\t\t\t<\/div>\n\t\t\t\t<\/div>\n\t\t\t\t<\/div>\n\t\t\t\t\t<\/div>\n\t\t\t\t<\/div>\n\t\t\t\t<\/div>\n\t\t","protected":false},"excerpt":{"rendered":"<p>Contact Schantl Pharma Service GmbH Erasmusstr.\u00a02640223 D\u00fcsseldorfDeutschland Tel.: +49 211-69 54 74 46E-Mail: iqbal.huegel@schantl\u00adpharma\u00adservice.de Amtsgericht Wiesbaden HRB 17767 USt.-IDNr. DE 199 041 865 Inhaber &amp; Gesch\u00e4ftsf\u00fchrer: Iqbal H\u00fcgel \u00a0 You are currently viewing a placeholder content from Google Maps. To access the actual content, click the button below. Please note that doing so will share [&hellip;]<\/p>\n","protected":false},"author":2,"featured_media":0,"parent":0,"menu_order":0,"comment_status":"closed","ping_status":"closed","template":"","meta":{"footnotes":""},"class_list":["post-387","page","type-page","status-publish","hentry"],"_links":{"self":[{"href":"https:\/\/www.schantl-pharma-service.de\/en\/wp-json\/wp\/v2\/pages\/387","targetHints":{"allow":["GET"]}}],"collection":[{"href":"https:\/\/www.schantl-pharma-service.de\/en\/wp-json\/wp\/v2\/pages"}],"about":[{"href":"https:\/\/www.schantl-pharma-service.de\/en\/wp-json\/wp\/v2\/types\/page"}],"author":[{"embeddable":true,"href":"https:\/\/www.schantl-pharma-service.de\/en\/wp-json\/wp\/v2\/users\/2"}],"replies":[{"embeddable":true,"href":"https:\/\/www.schantl-pharma-service.de\/en\/wp-json\/wp\/v2\/comments?post=387"}],"version-history":[{"count":14,"href":"https:\/\/www.schantl-pharma-service.de\/en\/wp-json\/wp\/v2\/pages\/387\/revisions"}],"predecessor-version":[{"id":426,"href":"https:\/\/www.schantl-pharma-service.de\/en\/wp-json\/wp\/v2\/pages\/387\/revisions\/426"}],"wp:attachment":[{"href":"https:\/\/www.schantl-pharma-service.de\/en\/wp-json\/wp\/v2\/media?parent=387"}],"curies":[{"name":"wp","href":"https:\/\/api.w.org\/{rel}","templated":true}]}}