{"id":389,"date":"2025-06-17T15:50:54","date_gmt":"2025-06-17T13:50:54","guid":{"rendered":"https:\/\/www.schantl-pharma-service.de\/impressum\/"},"modified":"2025-07-03T15:31:55","modified_gmt":"2025-07-03T13:31:55","slug":"legal-notice","status":"publish","type":"page","link":"https:\/\/www.schantl-pharma-service.de\/en\/legal-notice\/","title":{"rendered":"Legal Notice"},"content":{"rendered":"\t\t<div data-elementor-type=\"wp-page\" data-elementor-id=\"389\" class=\"elementor elementor-389 elementor-242\" data-elementor-post-type=\"page\">\n\t\t\t\t<div class=\"elementor-element elementor-element-303fe96 e-flex e-con-boxed e-con e-parent\" data-id=\"303fe96\" data-element_type=\"container\" data-e-type=\"container\" data-settings=\"{&quot;background_background&quot;:&quot;classic&quot;}\">\n\t\t\t\t\t<div class=\"e-con-inner\">\n\t\t\t\t<div class=\"elementor-element elementor-element-7f4e92a elementor-widget elementor-widget-image\" data-id=\"7f4e92a\" data-element_type=\"widget\" data-e-type=\"widget\" data-widget_type=\"image.default\">\n\t\t\t\t<div class=\"elementor-widget-container\">\n\t\t\t\t\t\t\t\t\t\t\t\t\t\t\t<img fetchpriority=\"high\" decoding=\"async\" width=\"1000\" height=\"459\" src=\"https:\/\/www.schantl-pharma-service.de\/wp-content\/uploads\/2025\/06\/bild_01.jpg\" class=\"attachment-full size-full wp-image-326\" alt=\"\" srcset=\"https:\/\/www.schantl-pharma-service.de\/wp-content\/uploads\/2025\/06\/bild_01.jpg 1000w, https:\/\/www.schantl-pharma-service.de\/wp-content\/uploads\/2025\/06\/bild_01-300x138.jpg 300w, https:\/\/www.schantl-pharma-service.de\/wp-content\/uploads\/2025\/06\/bild_01-768x353.jpg 768w\" sizes=\"(max-width: 1000px) 100vw, 1000px\" \/>\t\t\t\t\t\t\t\t\t\t\t\t\t\t\t<\/div>\n\t\t\t\t<\/div>\n\t\t\t\t\t<\/div>\n\t\t\t\t<\/div>\n\t\t<div class=\"elementor-element elementor-element-72e1502 e-flex e-con-boxed e-con e-parent\" data-id=\"72e1502\" data-element_type=\"container\" data-e-type=\"container\">\n\t\t\t\t\t<div class=\"e-con-inner\">\n\t\t<div class=\"elementor-element elementor-element-477f797 e-con-full e-flex e-con e-child\" data-id=\"477f797\" data-element_type=\"container\" data-e-type=\"container\">\n\t\t\t\t<div class=\"elementor-element elementor-element-edb7f6b elementor-widget elementor-widget-heading\" data-id=\"edb7f6b\" data-element_type=\"widget\" data-e-type=\"widget\" data-widget_type=\"heading.default\">\n\t\t\t\t<div class=\"elementor-widget-container\">\n\t\t\t\t\t<h1 class=\"elementor-heading-title elementor-size-default\">Legal Notice<\/h1>\t\t\t\t<\/div>\n\t\t\t\t<\/div>\n\t\t\t\t<div class=\"elementor-element elementor-element-54b7bda elementor-widget elementor-widget-text-editor\" data-id=\"54b7bda\" data-element_type=\"widget\" data-e-type=\"widget\" data-widget_type=\"text-editor.default\">\n\t\t\t\t<div class=\"elementor-widget-container\">\n\t\t\t\t\t\t\t\t\t<p><strong>Schantl Pharma Service GmbH<\/strong><\/p><p><strong>Erasmusstr.\u00a026<\/strong><br \/><strong>40223 D\u00fcsseldorf<\/strong><br \/><strong>Deutschland<\/strong><\/p><p>\u00a0<\/p><p>Tel.: +49 211-69 54 74 46<\/p><p>E-Mail: iqbal.huegel@schantlpharmaservice.de<\/p><p>\u00a0<\/p><p>Amtsgericht Wiesbaden HRB 17767<\/p><p>USt.-IDNr. DE 199 041 865<\/p><p>Inhaber &amp; Gesch\u00e4ftsf\u00fchrer: Iqbal H\u00fcgel<\/p>\t\t\t\t\t\t\t\t<\/div>\n\t\t\t\t<\/div>\n\t\t\t\t<\/div>\n\t\t\t\t\t<\/div>\n\t\t\t\t<\/div>\n\t\t\t\t<\/div>\n\t\t","protected":false},"excerpt":{"rendered":"<p>Legal Notice Schantl Pharma Service GmbH Erasmusstr.\u00a02640223 D\u00fcsseldorfDeutschland \u00a0 Tel.: +49 211-69 54 74 46 E-Mail: iqbal.huegel@schantlpharmaservice.de \u00a0 Amtsgericht Wiesbaden HRB 17767 USt.-IDNr. DE 199 041 865 Inhaber &amp; Gesch\u00e4ftsf\u00fchrer: Iqbal H\u00fcgel<\/p>\n","protected":false},"author":2,"featured_media":0,"parent":0,"menu_order":0,"comment_status":"closed","ping_status":"closed","template":"","meta":{"footnotes":""},"class_list":["post-389","page","type-page","status-publish","hentry"],"_links":{"self":[{"href":"https:\/\/www.schantl-pharma-service.de\/en\/wp-json\/wp\/v2\/pages\/389","targetHints":{"allow":["GET"]}}],"collection":[{"href":"https:\/\/www.schantl-pharma-service.de\/en\/wp-json\/wp\/v2\/pages"}],"about":[{"href":"https:\/\/www.schantl-pharma-service.de\/en\/wp-json\/wp\/v2\/types\/page"}],"author":[{"embeddable":true,"href":"https:\/\/www.schantl-pharma-service.de\/en\/wp-json\/wp\/v2\/users\/2"}],"replies":[{"embeddable":true,"href":"https:\/\/www.schantl-pharma-service.de\/en\/wp-json\/wp\/v2\/comments?post=389"}],"version-history":[{"count":6,"href":"https:\/\/www.schantl-pharma-service.de\/en\/wp-json\/wp\/v2\/pages\/389\/revisions"}],"predecessor-version":[{"id":528,"href":"https:\/\/www.schantl-pharma-service.de\/en\/wp-json\/wp\/v2\/pages\/389\/revisions\/528"}],"wp:attachment":[{"href":"https:\/\/www.schantl-pharma-service.de\/en\/wp-json\/wp\/v2\/media?parent=389"}],"curies":[{"name":"wp","href":"https:\/\/api.w.org\/{rel}","templated":true}]}}